{"id":4034,"date":"2025-08-10T02:50:07","date_gmt":"2025-08-10T02:50:07","guid":{"rendered":"http:\/\/localhost\/asia\/?post_type=product&#038;p=4034"},"modified":"2025-11-24T08:51:25","modified_gmt":"2025-11-24T08:51:25","slug":"huda-beauty-found-luminous-matte-creme-brulee-150g","status":"publish","type":"product","link":"https:\/\/asiaegy.net\/ar\/product\/huda-beauty-found-luminous-matte-creme-brulee-150g\/","title":{"rendered":"Huda Beauty Found Luminous Matte Creme Brulee 150G"},"content":{"rendered":"<p data-start=\"455\" data-end=\"788\"><strong data-start=\"455\" data-end=\"521\">Huda Beauty Faux Filter Luminous Matte Foundation Cr\u00e8me Br\u00fbl\u00e9e<\/strong><br data-start=\"521\" data-end=\"524\" \/>A full-coverage foundation with a lightweight luminous matte finish that delivers a flawless, airbrushed look.<\/p>\n<p data-start=\"455\" data-end=\"788\">The <em data-start=\"639\" data-end=\"653\">Cr\u00e8me Br\u00fbl\u00e9e<\/em> shade suits fair skin with neutral undertones, blurring imperfections and evening out skin tone with a long-lasting, non-cakey effect.<\/p>","protected":false},"excerpt":{"rendered":"<p>Huda Beauty Faux Filter Luminous Matte Foundation Cr\u00e8me Br\u00fbl\u00e9eA full-coverage foundation with a lightweight luminous matte finish that delivers a flawless, airbrushed look. The Cr\u00e8me Br\u00fbl\u00e9e shade suits fair skin with neutral undertones, blurring imperfections and evening out skin tone with a long-lasting, non-cakey effect.<\/p>","protected":false},"featured_media":4083,"template":"","meta":{"_acf_changed":false},"product_brand":[206],"product_cat":[95,201],"product_tag":[202],"class_list":{"0":"post-4034","1":"product","2":"type-product","3":"status-publish","4":"has-post-thumbnail","6":"product_brand-huda-beauty","7":"product_cat-foundation","8":"product_cat-high-end","9":"product_tag-high-end","11":"first","12":"instock","13":"shipping-taxable","14":"purchasable","15":"product-type-simple"},"bundled_by":[],"bundle_stock_status":"instock","bundle_stock_quantity":4,"bundle_virtual":false,"bundle_layout":"","bundle_add_to_cart_form_location":"","bundle_editable_in_cart":false,"bundle_sold_individually_context":"","bundle_item_grouping":"","bundle_min_size":"","bundle_max_size":"","bundle_price":[],"bundled_items":[],"bundle_sell_ids":[],"acf":[],"_links":{"self":[{"href":"https:\/\/asiaegy.net\/ar\/wp-json\/wp\/v2\/product\/4034","targetHints":{"allow":["GET"]}}],"collection":[{"href":"https:\/\/asiaegy.net\/ar\/wp-json\/wp\/v2\/product"}],"about":[{"href":"https:\/\/asiaegy.net\/ar\/wp-json\/wp\/v2\/types\/product"}],"wp:featuredmedia":[{"embeddable":true,"href":"https:\/\/asiaegy.net\/ar\/wp-json\/wp\/v2\/media\/4083"}],"wp:attachment":[{"href":"https:\/\/asiaegy.net\/ar\/wp-json\/wp\/v2\/media?parent=4034"}],"wp:term":[{"taxonomy":"product_brand","embeddable":true,"href":"https:\/\/asiaegy.net\/ar\/wp-json\/wp\/v2\/product_brand?post=4034"},{"taxonomy":"product_cat","embeddable":true,"href":"https:\/\/asiaegy.net\/ar\/wp-json\/wp\/v2\/product_cat?post=4034"},{"taxonomy":"product_tag","embeddable":true,"href":"https:\/\/asiaegy.net\/ar\/wp-json\/wp\/v2\/product_tag?post=4034"}],"curies":[{"name":"wp","href":"https:\/\/api.w.org\/{rel}","templated":true}]}}